{"id":6232,"date":"2019-01-13T20:08:12","date_gmt":"2019-01-13T18:08:12","guid":{"rendered":"https:\/\/www.titanmaterials.com?page_id=6232"},"modified":"2025-06-20T16:37:42","modified_gmt":"2025-06-20T13:37:42","slug":"conseil-dadministration","status":"publish","type":"page","link":"https:\/\/www.titanmaterials.com\/el\/about-us\/corporate-governance\/conseil-dadministration\/","title":{"rendered":"CONSEIL D&#8217;ADMINISTRATION"},"content":{"rendered":"<div class=\"wpb-content-wrapper\"><p>[vc_row css=&#8221;.vc_custom_1547404499129{margin-top: 0px !important;margin-bottom: 0px !important;padding-right: 30px !important;padding-left: 30px !important;}&#8221; el_class=&#8221;white_en_gr_fr&#8221;][vc_column offset=&#8221;vc_col-lg-12 vc_col-md-12 vc_col-xs-12&#8243;][vc_column_text css=&#8221;&#8221;]<\/p>\n<p style=\"text-align: right;\"><a class=\"class-en\" href=\"https:\/\/www.titanmaterials.com\/el\/about-us\/corporate-governance\/board-of-directors\/\">EN<\/a> <span style=\"color: #000000;\">|<\/span> <a href=\"https:\/\/www.titanmaterials.com\/el\/about-us\/corporate-governance\/board-of-directors\/\">GR<\/a> <span style=\"color: #000000;\">|<\/span> <span style=\"color: #316e9d;\"><strong>FR<\/strong><\/span><\/p>\n<p>[\/vc_column_text][\/vc_column][\/vc_row][vc_row][vc_column][vc_raw_js]JTNDc2NyaXB0JTNFJTBBalF1ZXJ5JTI4JTIwZG9jdW1lbnQlMjAlMjkucmVhZHklMjglMjBmdW5jdGlvbiUyOCUyMCUyNCUyMCUyOSUyMCU3QiUwQSUwOSUyNCUyOCUyMCUyNy5jbGFzcy1lbiUyNyUyMCUyOS5hdHRyJTI4JTIwJTI3aHJlZiUyNyUyQyUyMCUyN2h0dHBzJTNBJTJGJTJGd3d3LnRpdGFubWF0ZXJpYWxzLmNvbSUyRmFib3V0LXVzJTJGY29ycG9yYXRlLWdvdmVybmFuY2UlMkZib2FyZC1vZi1kaXJlY3RvcnMlMkYlMjclMjklM0IlMEElN0QlMjAlMjklM0IlMjAlMEElM0MlMkZzY3JpcHQlM0U=[\/vc_raw_js][\/vc_column][\/vc_row]<\/p>\n<div style=\"min-height: 30px;display: inline-block;\"><\/div><\/div>","protected":false},"excerpt":{"rendered":"<p>[vc_row css=&#8221;.vc_custom_1547404499129{margin-top: 0px !important;margin-bottom: 0px !important;padding-right: 30px !important;padding-left: 30px !important;}&#8221; el_class=&#8221;white_en_gr_fr&#8221;][vc_column offset=&#8221;vc_col-lg-12 vc_col-md-12 vc_col-xs-12&#8243;][vc_column_text css=&#8221;&#8221;] EN | GR | FR [\/vc_column_text][\/vc_column][\/vc_row][vc_row][vc_column][vc_raw_js]JTNDc2NyaXB0JTNFJTBBalF1ZXJ5JTI4JTIwZG9jdW1lbnQlMjAlMjkucmVhZHklMjglMjBmdW5jdGlvbiUyOCUyMCUyNCUyMCUyOSUyMCU3QiUwQSUwOSUyNCUyOCUyMCUyNy5jbGFzcy1lbiUyNyUyMCUyOS5hdHRyJTI4JTIwJTI3aHJlZiUyNyUyQyUyMCUyN2h0dHBzJTNBJTJGJTJGd3d3LnRpdGFubWF0ZXJpYWxzLmNvbSUyRmFib3V0LXVzJTJGY29ycG9yYXRlLWdvdmVybmFuY2UlMkZib2FyZC1vZi1kaXJlY3RvcnMlMkYlMjclMjklM0IlMEElN0QlMjAlMjklM0IlMjAlMEElM0MlMkZzY3JpcHQlM0U=[\/vc_raw_js][\/vc_column][\/vc_row]<\/p>\n","protected":false},"author":2,"featured_media":4107,"parent":4910,"menu_order":10,"comment_status":"closed","ping_status":"closed","template":"pages\/page-directors-fr.php","meta":{"_acf_changed":false,"footnotes":""},"class_list":["post-6232","page","type-page","status-publish","has-post-thumbnail","hentry"],"acf":[],"yoast_head":"<!-- This site is optimized with the Yoast SEO plugin v27.5 - https:\/\/yoast.com\/product\/yoast-seo-wordpress\/ -->\n<title>CONSEIL D&#039;ADMINISTRATION | TITAN<\/title>\n<meta name=\"description\" content=\"Le Conseil d&#039;Administration de Titan Cement International est compos\u00e9 de 15 membres dont Dimitri Papalexopoulos est Pr\u00e9sident Du Comit\u00e9 Ex\u00e9cutif Du Groupe\" \/>\n<meta name=\"robots\" content=\"index, follow, max-snippet:-1, max-image-preview:large, max-video-preview:-1\" \/>\n<link rel=\"canonical\" href=\"https:\/\/www.titanmaterials.com\/el\/about-us\/corporate-governance\/conseil-dadministration\/\" \/>\n<meta property=\"og:locale\" content=\"el_GR\" \/>\n<meta property=\"og:type\" content=\"article\" \/>\n<meta property=\"og:title\" content=\"CONSEIL D&#039;ADMINISTRATION | TITAN\" \/>\n<meta property=\"og:description\" content=\"Le Conseil d&#039;Administration de Titan Cement International est compos\u00e9 de 15 membres dont Dimitri Papalexopoulos est Pr\u00e9sident Du Comit\u00e9 Ex\u00e9cutif Du Groupe\" \/>\n<meta property=\"og:url\" content=\"https:\/\/www.titanmaterials.com\/el\/about-us\/corporate-governance\/conseil-dadministration\/\" \/>\n<meta property=\"og:site_name\" content=\"TITAN\" \/>\n<meta property=\"article:modified_time\" content=\"2025-06-20T13:37:42+00:00\" \/>\n<meta property=\"og:image\" content=\"https:\/\/www.titanmaterials.com\/wp-content\/uploads\/2018\/04\/header_about_us.jpg\" \/>\n\t<meta property=\"og:image:width\" content=\"2200\" \/>\n\t<meta property=\"og:image:height\" content=\"344\" \/>\n\t<meta property=\"og:image:type\" content=\"image\/jpeg\" \/>\n<meta name=\"twitter:card\" content=\"summary_large_image\" \/>\n<meta name=\"twitter:label1\" content=\"\u0395\u03ba\u03c4\u03b9\u03bc\u03ce\u03bc\u03b5\u03bd\u03bf\u03c2 \u03c7\u03c1\u03cc\u03bd\u03bf\u03c2 \u03b1\u03bd\u03ac\u03b3\u03bd\u03c9\u03c3\u03b7\u03c2\" \/>\n\t<meta name=\"twitter:data1\" content=\"1 \u03bb\u03b5\u03c0\u03c4\u03cc\" \/>\n<script type=\"application\/ld+json\" class=\"yoast-schema-graph\">{\"@context\":\"https:\\\/\\\/schema.org\",\"@graph\":[{\"@type\":\"WebPage\",\"@id\":\"https:\\\/\\\/www.titanmaterials.com\\\/el\\\/about-us\\\/corporate-governance\\\/conseil-dadministration\\\/\",\"url\":\"https:\\\/\\\/www.titanmaterials.com\\\/el\\\/about-us\\\/corporate-governance\\\/conseil-dadministration\\\/\",\"name\":\"CONSEIL D'ADMINISTRATION | TITAN\",\"isPartOf\":{\"@id\":\"https:\\\/\\\/www.titanmaterials.com\\\/#website\"},\"primaryImageOfPage\":{\"@id\":\"https:\\\/\\\/www.titanmaterials.com\\\/el\\\/about-us\\\/corporate-governance\\\/conseil-dadministration\\\/#primaryimage\"},\"image\":{\"@id\":\"https:\\\/\\\/www.titanmaterials.com\\\/el\\\/about-us\\\/corporate-governance\\\/conseil-dadministration\\\/#primaryimage\"},\"thumbnailUrl\":\"https:\\\/\\\/www.titanmaterials.com\\\/wp-content\\\/uploads\\\/2018\\\/04\\\/header_about_us.jpg\",\"datePublished\":\"2019-01-13T18:08:12+00:00\",\"dateModified\":\"2025-06-20T13:37:42+00:00\",\"description\":\"Le Conseil d'Administration de Titan Cement International est compos\u00e9 de 15 membres dont Dimitri Papalexopoulos est Pr\u00e9sident Du Comit\u00e9 Ex\u00e9cutif Du Groupe\",\"breadcrumb\":{\"@id\":\"https:\\\/\\\/www.titanmaterials.com\\\/el\\\/about-us\\\/corporate-governance\\\/conseil-dadministration\\\/#breadcrumb\"},\"inLanguage\":\"el\",\"potentialAction\":[{\"@type\":\"ReadAction\",\"target\":[\"https:\\\/\\\/www.titanmaterials.com\\\/el\\\/about-us\\\/corporate-governance\\\/conseil-dadministration\\\/\"]}]},{\"@type\":\"ImageObject\",\"inLanguage\":\"el\",\"@id\":\"https:\\\/\\\/www.titanmaterials.com\\\/el\\\/about-us\\\/corporate-governance\\\/conseil-dadministration\\\/#primaryimage\",\"url\":\"https:\\\/\\\/www.titanmaterials.com\\\/wp-content\\\/uploads\\\/2018\\\/04\\\/header_about_us.jpg\",\"contentUrl\":\"https:\\\/\\\/www.titanmaterials.com\\\/wp-content\\\/uploads\\\/2018\\\/04\\\/header_about_us.jpg\",\"width\":2200,\"height\":344,\"caption\":\"\u0395\u03c4\u03b1\u03b9\u03c1\u03b9\u03ba\u03ae \u03b4\u03b9\u03b1\u03ba\u03c5\u03b2\u03ad\u03c1\u03bd\u03b7\u03c3\u03b7: \u0395\u03c1\u03b3\u03b1\u03b6\u03cc\u03bc\u03b5\u03bd\u03bf\u03b9 \u03c4\u03bf\u03c5 \u03a4\u03b9\u03c4\u03ac\u03bd\u03b1 \u03bc\u03b5 \u03c0\u03c1\u03bf\u03c3\u03c4\u03b1\u03c4\u03b5\u03c5\u03c4\u03b9\u03ba\u03cc \u03b5\u03be\u03bf\u03c0\u03bb\u03b9\u03c3\u03bc\u03cc, \u03ba\u03c1\u03ac\u03bd\u03bf\u03c2 \u03ba\u03b1\u03b9 \u03b3\u03c5\u03b1\u03bb\u03b9\u03ac \u03c0\u03b5\u03c1\u03c0\u03b1\u03c4\u03bf\u03cd\u03bd \u03c3\u03c4\u03bf \u03b5\u03c1\u03b3\u03bf\u03c3\u03c4\u03ac\u03c3\u03b9\u03bf\"},{\"@type\":\"BreadcrumbList\",\"@id\":\"https:\\\/\\\/www.titanmaterials.com\\\/el\\\/about-us\\\/corporate-governance\\\/conseil-dadministration\\\/#breadcrumb\",\"itemListElement\":[{\"@type\":\"ListItem\",\"position\":1,\"name\":\"Welcome to TITAN\",\"item\":\"https:\\\/\\\/www.titanmaterials.com\\\/el\\\/\"},{\"@type\":\"ListItem\",\"position\":2,\"name\":\"\u03a3\u03c7\u03b5\u03c4\u03b9\u03ba\u03ac \u03bc\u03b5 \u0395\u03bc\u03ac\u03c2\",\"item\":\"https:\\\/\\\/www.titanmaterials.com\\\/el\\\/about-us\\\/\"},{\"@type\":\"ListItem\",\"position\":3,\"name\":\"\u0395\u03c4\u03b1\u03b9\u03c1\u03b9\u03ba\u03ae \u0394\u03b9\u03b1\u03ba\u03c5\u03b2\u03ad\u03c1\u03bd\u03b7\u03c3\u03b7\",\"item\":\"https:\\\/\\\/www.titanmaterials.com\\\/el\\\/about-us\\\/corporate-governance\\\/\"},{\"@type\":\"ListItem\",\"position\":4,\"name\":\"CONSEIL D&#8217;ADMINISTRATION\"}]},{\"@type\":\"WebSite\",\"@id\":\"https:\\\/\\\/www.titanmaterials.com\\\/#website\",\"url\":\"https:\\\/\\\/www.titanmaterials.com\\\/\",\"name\":\"TITAN\",\"description\":\"\",\"publisher\":{\"@id\":\"https:\\\/\\\/www.titanmaterials.com\\\/#organization\"},\"potentialAction\":[{\"@type\":\"SearchAction\",\"target\":{\"@type\":\"EntryPoint\",\"urlTemplate\":\"https:\\\/\\\/www.titanmaterials.com\\\/?s={search_term_string}\"},\"query-input\":{\"@type\":\"PropertyValueSpecification\",\"valueRequired\":true,\"valueName\":\"search_term_string\"}}],\"inLanguage\":\"el\"},{\"@type\":\"Organization\",\"@id\":\"https:\\\/\\\/www.titanmaterials.com\\\/#organization\",\"name\":\"TITAN\",\"url\":\"https:\\\/\\\/www.titanmaterials.com\\\/\",\"logo\":{\"@type\":\"ImageObject\",\"inLanguage\":\"el\",\"@id\":\"https:\\\/\\\/www.titanmaterials.com\\\/#\\\/schema\\\/logo\\\/image\\\/\",\"url\":\"https:\\\/\\\/www.titanmaterials.com\\\/wp-content\\\/uploads\\\/2018\\\/03\\\/logo.svg\",\"contentUrl\":\"https:\\\/\\\/www.titanmaterials.com\\\/wp-content\\\/uploads\\\/2018\\\/03\\\/logo.svg\",\"width\":167.3,\"height\":45.4,\"caption\":\"TITAN\"},\"image\":{\"@id\":\"https:\\\/\\\/www.titanmaterials.com\\\/#\\\/schema\\\/logo\\\/image\\\/\"}}]}<\/script>\n<!-- \/ Yoast SEO plugin. -->","yoast_head_json":{"title":"CONSEIL D'ADMINISTRATION | TITAN","description":"Le Conseil d'Administration de Titan Cement International est compos\u00e9 de 15 membres dont Dimitri Papalexopoulos est Pr\u00e9sident Du Comit\u00e9 Ex\u00e9cutif Du Groupe","robots":{"index":"index","follow":"follow","max-snippet":"max-snippet:-1","max-image-preview":"max-image-preview:large","max-video-preview":"max-video-preview:-1"},"canonical":"https:\/\/www.titanmaterials.com\/el\/about-us\/corporate-governance\/conseil-dadministration\/","og_locale":"el_GR","og_type":"article","og_title":"CONSEIL D'ADMINISTRATION | TITAN","og_description":"Le Conseil d'Administration de Titan Cement International est compos\u00e9 de 15 membres dont Dimitri Papalexopoulos est Pr\u00e9sident Du Comit\u00e9 Ex\u00e9cutif Du Groupe","og_url":"https:\/\/www.titanmaterials.com\/el\/about-us\/corporate-governance\/conseil-dadministration\/","og_site_name":"TITAN","article_modified_time":"2025-06-20T13:37:42+00:00","og_image":[{"width":2200,"height":344,"url":"https:\/\/www.titanmaterials.com\/wp-content\/uploads\/2018\/04\/header_about_us.jpg","type":"image\/jpeg"}],"twitter_card":"summary_large_image","twitter_misc":{"\u0395\u03ba\u03c4\u03b9\u03bc\u03ce\u03bc\u03b5\u03bd\u03bf\u03c2 \u03c7\u03c1\u03cc\u03bd\u03bf\u03c2 \u03b1\u03bd\u03ac\u03b3\u03bd\u03c9\u03c3\u03b7\u03c2":"1 \u03bb\u03b5\u03c0\u03c4\u03cc"},"schema":{"@context":"https:\/\/schema.org","@graph":[{"@type":"WebPage","@id":"https:\/\/www.titanmaterials.com\/el\/about-us\/corporate-governance\/conseil-dadministration\/","url":"https:\/\/www.titanmaterials.com\/el\/about-us\/corporate-governance\/conseil-dadministration\/","name":"CONSEIL D'ADMINISTRATION | TITAN","isPartOf":{"@id":"https:\/\/www.titanmaterials.com\/#website"},"primaryImageOfPage":{"@id":"https:\/\/www.titanmaterials.com\/el\/about-us\/corporate-governance\/conseil-dadministration\/#primaryimage"},"image":{"@id":"https:\/\/www.titanmaterials.com\/el\/about-us\/corporate-governance\/conseil-dadministration\/#primaryimage"},"thumbnailUrl":"https:\/\/www.titanmaterials.com\/wp-content\/uploads\/2018\/04\/header_about_us.jpg","datePublished":"2019-01-13T18:08:12+00:00","dateModified":"2025-06-20T13:37:42+00:00","description":"Le Conseil d'Administration de Titan Cement International est compos\u00e9 de 15 membres dont Dimitri Papalexopoulos est Pr\u00e9sident Du Comit\u00e9 Ex\u00e9cutif Du Groupe","breadcrumb":{"@id":"https:\/\/www.titanmaterials.com\/el\/about-us\/corporate-governance\/conseil-dadministration\/#breadcrumb"},"inLanguage":"el","potentialAction":[{"@type":"ReadAction","target":["https:\/\/www.titanmaterials.com\/el\/about-us\/corporate-governance\/conseil-dadministration\/"]}]},{"@type":"ImageObject","inLanguage":"el","@id":"https:\/\/www.titanmaterials.com\/el\/about-us\/corporate-governance\/conseil-dadministration\/#primaryimage","url":"https:\/\/www.titanmaterials.com\/wp-content\/uploads\/2018\/04\/header_about_us.jpg","contentUrl":"https:\/\/www.titanmaterials.com\/wp-content\/uploads\/2018\/04\/header_about_us.jpg","width":2200,"height":344,"caption":"\u0395\u03c4\u03b1\u03b9\u03c1\u03b9\u03ba\u03ae \u03b4\u03b9\u03b1\u03ba\u03c5\u03b2\u03ad\u03c1\u03bd\u03b7\u03c3\u03b7: \u0395\u03c1\u03b3\u03b1\u03b6\u03cc\u03bc\u03b5\u03bd\u03bf\u03b9 \u03c4\u03bf\u03c5 \u03a4\u03b9\u03c4\u03ac\u03bd\u03b1 \u03bc\u03b5 \u03c0\u03c1\u03bf\u03c3\u03c4\u03b1\u03c4\u03b5\u03c5\u03c4\u03b9\u03ba\u03cc \u03b5\u03be\u03bf\u03c0\u03bb\u03b9\u03c3\u03bc\u03cc, \u03ba\u03c1\u03ac\u03bd\u03bf\u03c2 \u03ba\u03b1\u03b9 \u03b3\u03c5\u03b1\u03bb\u03b9\u03ac \u03c0\u03b5\u03c1\u03c0\u03b1\u03c4\u03bf\u03cd\u03bd \u03c3\u03c4\u03bf \u03b5\u03c1\u03b3\u03bf\u03c3\u03c4\u03ac\u03c3\u03b9\u03bf"},{"@type":"BreadcrumbList","@id":"https:\/\/www.titanmaterials.com\/el\/about-us\/corporate-governance\/conseil-dadministration\/#breadcrumb","itemListElement":[{"@type":"ListItem","position":1,"name":"Welcome to TITAN","item":"https:\/\/www.titanmaterials.com\/el\/"},{"@type":"ListItem","position":2,"name":"\u03a3\u03c7\u03b5\u03c4\u03b9\u03ba\u03ac \u03bc\u03b5 \u0395\u03bc\u03ac\u03c2","item":"https:\/\/www.titanmaterials.com\/el\/about-us\/"},{"@type":"ListItem","position":3,"name":"\u0395\u03c4\u03b1\u03b9\u03c1\u03b9\u03ba\u03ae \u0394\u03b9\u03b1\u03ba\u03c5\u03b2\u03ad\u03c1\u03bd\u03b7\u03c3\u03b7","item":"https:\/\/www.titanmaterials.com\/el\/about-us\/corporate-governance\/"},{"@type":"ListItem","position":4,"name":"CONSEIL D&#8217;ADMINISTRATION"}]},{"@type":"WebSite","@id":"https:\/\/www.titanmaterials.com\/#website","url":"https:\/\/www.titanmaterials.com\/","name":"TITAN","description":"","publisher":{"@id":"https:\/\/www.titanmaterials.com\/#organization"},"potentialAction":[{"@type":"SearchAction","target":{"@type":"EntryPoint","urlTemplate":"https:\/\/www.titanmaterials.com\/?s={search_term_string}"},"query-input":{"@type":"PropertyValueSpecification","valueRequired":true,"valueName":"search_term_string"}}],"inLanguage":"el"},{"@type":"Organization","@id":"https:\/\/www.titanmaterials.com\/#organization","name":"TITAN","url":"https:\/\/www.titanmaterials.com\/","logo":{"@type":"ImageObject","inLanguage":"el","@id":"https:\/\/www.titanmaterials.com\/#\/schema\/logo\/image\/","url":"https:\/\/www.titanmaterials.com\/wp-content\/uploads\/2018\/03\/logo.svg","contentUrl":"https:\/\/www.titanmaterials.com\/wp-content\/uploads\/2018\/03\/logo.svg","width":167.3,"height":45.4,"caption":"TITAN"},"image":{"@id":"https:\/\/www.titanmaterials.com\/#\/schema\/logo\/image\/"}}]}},"_links":{"self":[{"href":"https:\/\/www.titanmaterials.com\/el\/wp-json\/wp\/v2\/pages\/6232","targetHints":{"allow":["GET"]}}],"collection":[{"href":"https:\/\/www.titanmaterials.com\/el\/wp-json\/wp\/v2\/pages"}],"about":[{"href":"https:\/\/www.titanmaterials.com\/el\/wp-json\/wp\/v2\/types\/page"}],"author":[{"embeddable":true,"href":"https:\/\/www.titanmaterials.com\/el\/wp-json\/wp\/v2\/users\/2"}],"replies":[{"embeddable":true,"href":"https:\/\/www.titanmaterials.com\/el\/wp-json\/wp\/v2\/comments?post=6232"}],"version-history":[{"count":6,"href":"https:\/\/www.titanmaterials.com\/el\/wp-json\/wp\/v2\/pages\/6232\/revisions"}],"predecessor-version":[{"id":107876,"href":"https:\/\/www.titanmaterials.com\/el\/wp-json\/wp\/v2\/pages\/6232\/revisions\/107876"}],"up":[{"embeddable":true,"href":"https:\/\/www.titanmaterials.com\/el\/wp-json\/wp\/v2\/pages\/4910"}],"wp:featuredmedia":[{"embeddable":true,"href":"https:\/\/www.titanmaterials.com\/el\/wp-json\/wp\/v2\/media\/4107"}],"wp:attachment":[{"href":"https:\/\/www.titanmaterials.com\/el\/wp-json\/wp\/v2\/media?parent=6232"}],"curies":[{"name":"wp","href":"https:\/\/api.w.org\/{rel}","templated":true}]}}